{"id":578,"date":"2025-04-17T10:38:15","date_gmt":"2025-04-17T10:38:15","guid":{"rendered":"https:\/\/isaaccode.ba\/?page_id=578"},"modified":"2025-04-17T12:01:39","modified_gmt":"2025-04-17T12:01:39","slug":"newsroom","status":"publish","type":"page","link":"https:\/\/isaaccode.ba\/bs\/newsroom\/","title":{"rendered":"Novosti"},"content":{"rendered":"<div class=\"wpb-content-wrapper\"><div data-parent=\"true\" class=\"vc_row has-bg need-focus style-color-wayh-bg row-container\" id=\"row-unique-0\"><div class=\"row-background background-element\">\n\t\t\t\t\t\t\t\t\t\t\t<div class=\"background-wrapper\">\n\t\t\t\t\t\t\t\t\t\t\t\t<div class=\"background-inner\" style=\"background-repeat: no-repeat;background-position: center center;background-attachment: scroll;background-size: cover;\"><\/div>\n\t\t\t\t\t\t\t\t\t\t\t\t\n\t\t\t\t\t\t\t\t\t\t\t<\/div>\n\t\t\t\t\t\t\t\t\t\t<\/div><div class=\"row no-top-padding no-bottom-padding no-h-padding row-parent\" data-height-ratio=\"full\"><div class=\"wpb_row row-inner\"><div class=\"wpb_column pos-top pos-center align_left column_parent col-lg-12 single-internal-gutter\"><div class=\"uncol style-light\"  ><div class=\"uncoltable\"><div class=\"uncell no-block-padding\" ><div class=\"uncont\" ><div class=\"vc_row row-internal row-container\"><div class=\"row unequal col-no-gutter row-child\"><div class=\"wpb_row row-inner\"><div class=\"wpb_column pos-top pos-center align_left column_child col-lg-6 is_stucked single-internal-gutter\"><div class=\"uncol style-light sticky-element sticky-sidebar\" ><div class=\"uncoltable\"><div class=\"uncell no-block-padding\" ><div class=\"uncont\" ><div id=\"index-1\" class=\"isotope-system isotope-general-light grid-general-light\" >\n\t\t\t\n\t\t\t\t\t\t\t\t\t\t\t\t\t\t<div class=\"isotope-wrapper grid-wrapper single-gutter\" >\t\t\t\t\t\t\t\t\t\t\t\t<div class=\"isotope-container grid-container isotope-layout style-metro isotope-pagination grid-pagination\" data-type=\"metro\" data-layout=\"masonry\" data-lg=\"100\" data-md=\"100\" data-sm=\"100\" data-vp-height=\"1\">\t\t\t<div class=\"tmb atc-typography-inherit tmb-iso-w12 tmb-iso-h100 tmb-light tmb-overlay-gradient-bottom tmb-text-showed tmb-overlay-showed tmb-overlay-text-reduced tmb-overlay-left tmb-overlay-bottom tmb-overlay-text-left tmb-image-anim  grid-cat-1 tmb-id-1218 tmb-media-first tmb-media-last tmb-content-overlay tmb-no-bg\" ><div class=\"t-inside animate_when_almost_visible alpha-anim\" data-delay=\"200\"><div class=\"t-entry-visual\"><div class=\"t-entry-visual-tc\"><div class=\"t-entry-visual-cont\"><a href=\"https:\/\/isaaccode.ba\/bs\/see-you-in-2026\/\" target=\"_self\" data-lb-index=\"0\"><div class=\"t-entry-visual-overlay\"><div class=\"t-entry-visual-overlay-in style-color-wayh-bg\" style=\"opacity: 1;\"><\/div><\/div><div class=\"t-overlay-wrap\"><div class=\"t-overlay-inner\">\n\t\t\t\t\t\t\t\t\t\t\t\t\t\t<div class=\"t-overlay-content\">\n\t\t\t\t\t\t\t\t\t\t\t\t\t\t\t<div class=\"t-overlay-text double-block-padding\"><div class=\"t-entry\"><p class=\"t-entry-meta\"><span class=\"t-entry-date\">25\/12\/2025<\/span><\/p><h3 class=\"t-entry-title fontsize-155944 title-scale\">See you in 2026<\/h3><div class=\"t-entry-excerpt\"><\/div><\/div><\/div><\/div><\/div><\/div><div class=\"t-background-cover\" style=\"background-image:url('https:\/\/isaaccode.ba\/wp-content\/uploads\/ng2026eng.jpg')\"><\/div><\/a><\/div>\n\t\t\t\t\t<\/div>\n\t\t\t\t<\/div><\/div><\/div>\t\t<\/div>\t\n\t\n\n\t<\/div>\t\t\t\t<\/div>\n<\/div><\/div><\/div><\/div><\/div><div class=\"wpb_column pos-top pos-center align_left column_child col-lg-6 remove-top-padding single-internal-gutter\"><div class=\"uncol style-light\" ><div class=\"uncoltable\"><div class=\"uncell double-block-padding\" ><div class=\"uncont\" ><div class=\"uncode_text_column text-lead\" ><\/p>\n<h1>Novosti<\/h1>\n<p>\n<\/div><div id=\"index-2\" class=\"isotope-system isotope-general-light grid-general-light\" >\n\t\t\t\n\t\t\t\t\t\t\t\t\t\t\t\t\t\t<div class=\"isotope-wrapper grid-wrapper double-gutter\" >\t\t\t\t\t\t\t\t\t\t\t\t<div class=\"isotope-container grid-container isotope-layout style-masonry isotope-pagination grid-pagination\" data-type=\"masonry\" data-layout=\"fitRows\" data-lg=\"600\" data-md=\"480\" data-sm=\"480\" data-vp-height=\"\">\t\t\t<div class=\"tmb atc-typography-inherit tmb-iso-w6 tmb-iso-h4 tmb-light tmb-text-showed tmb-content-left tmb-image-anim  grid-cat-1 tmb-id-1211 tmb-img-ratio tmb-content-under tmb-media-first tmb-no-bg\" ><div class=\"t-inside animate_when_almost_visible bottom-t-top\" data-delay=\"200\"><div class=\"t-entry-visual\"><div class=\"t-entry-visual-tc\"><div class=\"t-entry-visual-cont\"><span class=\"t-cat-over half-block-padding t-cat-over-topright\"><span class=\"t-entry-category t-entry-category-1 t-cat-over-inner\"><a class=\"bordered-cat tmb-term-evidence font-ui\" href=\"https:\/\/isaaccode.ba\/bs\/category\/news\/\">News<\/a><\/span><\/span><div class=\"dummy\" style=\"padding-top: 75%;\"><\/div><a role=\"button\" tabindex=\"-1\" href=\"https:\/\/isaaccode.ba\/bs\/cow-gazer-and-isaac-code-in-the-zelena-panorama-ftv-tv-show\/\" class=\"pushed\" target=\"_self\" data-lb-index=\"0\"><div class=\"t-entry-visual-overlay\"><div class=\"t-entry-visual-overlay-in style-color-wayh-bg\" style=\"opacity: 0.5;\"><\/div><\/div><img data-recalc-dims=\"1\" decoding=\"async\" class=\"wp-image-1212\" src=\"https:\/\/i0.wp.com\/isaaccode.ba\/wp-content\/uploads\/zpanorama-uai-877x658.jpg?resize=840%2C630&#038;ssl=1\" width=\"840\" height=\"630\" alt=\"\" \/><\/a><\/div>\n\t\t\t\t\t<\/div>\n\t\t\t\t<\/div><div class=\"t-entry-text\">\n\t\t\t\t\t\t\t\t\t<div class=\"t-entry-text-tc half-block-padding\"><div class=\"t-entry\"><p class=\"t-entry-meta\"><span class=\"t-entry-date\">30\/12\/2024<\/span><\/p><h3 class=\"t-entry-title h4 title-scale\"><a href=\"https:\/\/isaaccode.ba\/bs\/cow-gazer-and-isaac-code-in-the-zelena-panorama-ftv-tv-show\/\" target=\"_self\">Cow Gazer i Isaac Code u Zelena panorama FTV emisiji<\/a><\/h3><div class=\"t-entry-excerpt\"><\/div><\/div><\/div>\n\t\t\t\t\t\t\t<\/div><\/div><\/div><div class=\"tmb atc-typography-inherit tmb-iso-w6 tmb-iso-h4 tmb-light tmb-text-showed tmb-content-left tmb-image-anim  grid-cat-1 tmb-id-1215 tmb-img-ratio tmb-content-under tmb-media-first tmb-no-bg\" ><div class=\"t-inside animate_when_almost_visible bottom-t-top\" data-delay=\"200\"><div class=\"t-entry-visual\"><div class=\"t-entry-visual-tc\"><div class=\"t-entry-visual-cont\"><span class=\"t-cat-over half-block-padding t-cat-over-topright\"><span class=\"t-entry-category t-entry-category-1 t-cat-over-inner\"><a class=\"bordered-cat tmb-term-evidence font-ui\" href=\"https:\/\/isaaccode.ba\/bs\/category\/news\/\">News<\/a><\/span><\/span><div class=\"dummy\" style=\"padding-top: 75%;\"><\/div><a role=\"button\" tabindex=\"-1\" href=\"https:\/\/isaaccode.ba\/bs\/cow-gazer-when-digitalization-improves-livestock-farming-domestic-solution-combines-ai-and-farmers-needs-ekapija-article\/\" class=\"pushed\" target=\"_self\" data-lb-index=\"1\"><div class=\"t-entry-visual-overlay\"><div class=\"t-entry-visual-overlay-in style-color-wayh-bg\" style=\"opacity: 0.5;\"><\/div><\/div><img data-recalc-dims=\"1\" decoding=\"async\" class=\"wp-image-1213\" src=\"https:\/\/i0.wp.com\/isaaccode.ba\/wp-content\/uploads\/ekapija-uai-1130x848.jpg?resize=840%2C630&#038;ssl=1\" width=\"840\" height=\"630\" alt=\"\" \/><\/a><\/div>\n\t\t\t\t\t<\/div>\n\t\t\t\t<\/div><div class=\"t-entry-text\">\n\t\t\t\t\t\t\t\t\t<div class=\"t-entry-text-tc half-block-padding\"><div class=\"t-entry\"><p class=\"t-entry-meta\"><span class=\"t-entry-date\">05\/12\/2024<\/span><\/p><h3 class=\"t-entry-title h4 title-scale\"><a href=\"https:\/\/isaaccode.ba\/bs\/cow-gazer-when-digitalization-improves-livestock-farming-domestic-solution-combines-ai-and-farmers-needs-ekapija-article\/\" target=\"_self\">Cow Gazer, kad digitalizacija unapre\u0111uje sto\u010darstvo - Doma\u0107e rje\u0161enje kombinuje AI i potrebe farmera  - \u010dlanak eKapija<\/a><\/h3><div class=\"t-entry-excerpt\"><\/div><\/div><\/div>\n\t\t\t\t\t\t\t<\/div><\/div><\/div><div class=\"tmb atc-typography-inherit tmb-iso-w6 tmb-iso-h4 tmb-light tmb-text-showed tmb-content-left tmb-image-anim  grid-cat-1 grid-cat-3 tmb-id-595 tmb-img-ratio tmb-content-under tmb-media-first tmb-no-bg\" ><div class=\"t-inside animate_when_almost_visible bottom-t-top\" data-delay=\"200\"><div class=\"t-entry-visual\"><div class=\"t-entry-visual-tc\"><div class=\"t-entry-visual-cont\"><span class=\"t-cat-over half-block-padding t-cat-over-topright\"><span class=\"t-entry-category t-entry-category-1 t-cat-over-inner\"><a class=\"bordered-cat tmb-term-evidence font-ui\" href=\"https:\/\/isaaccode.ba\/bs\/category\/news\/\">News<\/a><\/span><span class=\"t-entry-category t-entry-category-3 t-cat-over-inner\"><a class=\"bordered-cat tmb-term-evidence font-ui\" href=\"https:\/\/isaaccode.ba\/bs\/category\/cow-gazer\/\">Cow Gazer<\/a><\/span><\/span><div class=\"dummy\" style=\"padding-top: 75%;\"><\/div><a role=\"button\" tabindex=\"-1\" href=\"https:\/\/isaaccode.ba\/bs\/595-2\/\" class=\"pushed\" target=\"_self\" data-lb-index=\"2\"><div class=\"t-entry-visual-overlay\"><div class=\"t-entry-visual-overlay-in style-color-wayh-bg\" style=\"opacity: 0.5;\"><\/div><\/div><img data-recalc-dims=\"1\" decoding=\"async\" class=\"wp-image-602\" src=\"https:\/\/i0.wp.com\/isaaccode.ba\/wp-content\/uploads\/lp-3-uai-1706x1280.jpg?resize=840%2C630&#038;ssl=1\" width=\"840\" height=\"630\" alt=\"\" \/><\/a><\/div>\n\t\t\t\t\t<\/div>\n\t\t\t\t<\/div><div class=\"t-entry-text\">\n\t\t\t\t\t\t\t\t\t<div class=\"t-entry-text-tc half-block-padding\"><div class=\"t-entry\"><p class=\"t-entry-meta\"><span class=\"t-entry-date\">26\/11\/2024<\/span><\/p><h3 class=\"t-entry-title h4 title-scale\"><a href=\"https:\/\/isaaccode.ba\/bs\/595-2\/\" target=\"_self\">Predstavljanje inovativnog AI proizvoda \"Cow Gazer\" u Livnu<\/a><\/h3><div class=\"t-entry-excerpt\"><\/div><\/div><\/div>\n\t\t\t\t\t\t\t<\/div><\/div><\/div><div class=\"tmb atc-typography-inherit tmb-iso-w6 tmb-iso-h4 tmb-light tmb-text-showed tmb-content-left tmb-image-anim  grid-cat-1 grid-cat-3 tmb-id-583 tmb-img-ratio tmb-content-under tmb-media-first tmb-no-bg\" ><div class=\"t-inside animate_when_almost_visible bottom-t-top\" data-delay=\"200\"><div class=\"t-entry-visual\"><div class=\"t-entry-visual-tc\"><div class=\"t-entry-visual-cont\"><span class=\"t-cat-over half-block-padding t-cat-over-topright\"><span class=\"t-entry-category t-entry-category-1 t-cat-over-inner\"><a class=\"bordered-cat tmb-term-evidence font-ui\" href=\"https:\/\/isaaccode.ba\/bs\/category\/news\/\">News<\/a><\/span><span class=\"t-entry-category t-entry-category-3 t-cat-over-inner\"><a class=\"bordered-cat tmb-term-evidence font-ui\" href=\"https:\/\/isaaccode.ba\/bs\/category\/cow-gazer\/\">Cow Gazer<\/a><\/span><\/span><div class=\"dummy\" style=\"padding-top: 75%;\"><\/div><a role=\"button\" tabindex=\"-1\" href=\"https:\/\/isaaccode.ba\/bs\/invitation\/\" class=\"pushed\" target=\"_self\" data-lb-index=\"3\"><div class=\"t-entry-visual-overlay\"><div class=\"t-entry-visual-overlay-in style-color-wayh-bg\" style=\"opacity: 0.5;\"><\/div><\/div><img data-recalc-dims=\"1\" decoding=\"async\" class=\"wp-image-85\" src=\"https:\/\/i0.wp.com\/isaaccode.ba\/wp-content\/uploads\/box1.jpg?resize=840%2C630&#038;ssl=1\" width=\"840\" height=\"630\" alt=\"\" srcset=\"https:\/\/i0.wp.com\/isaaccode.ba\/wp-content\/uploads\/box1.jpg?w=1024&amp;ssl=1 1024w, https:\/\/i0.wp.com\/isaaccode.ba\/wp-content\/uploads\/box1.jpg?resize=600%2C450&amp;ssl=1 600w, https:\/\/i0.wp.com\/isaaccode.ba\/wp-content\/uploads\/box1.jpg?resize=300%2C225&amp;ssl=1 300w, https:\/\/i0.wp.com\/isaaccode.ba\/wp-content\/uploads\/box1.jpg?resize=768%2C576&amp;ssl=1 768w, https:\/\/i0.wp.com\/isaaccode.ba\/wp-content\/uploads\/box1.jpg?resize=350%2C263&amp;ssl=1 350w\" sizes=\"(max-width: 840px) 100vw, 840px\" \/><\/a><\/div>\n\t\t\t\t\t<\/div>\n\t\t\t\t<\/div><div class=\"t-entry-text\">\n\t\t\t\t\t\t\t\t\t<div class=\"t-entry-text-tc half-block-padding\"><div class=\"t-entry\"><p class=\"t-entry-meta\"><span class=\"t-entry-date\">05\/11\/2024<\/span><\/p><h3 class=\"t-entry-title h4 title-scale\"><a href=\"https:\/\/isaaccode.ba\/bs\/invitation\/\" target=\"_self\">Pozivnica<\/a><\/h3><div class=\"t-entry-excerpt\"><\/div><\/div><\/div>\n\t\t\t\t\t\t\t<\/div><\/div><\/div>\t\t<\/div>\t\n\t\n\n\t<\/div>\t\t\t\t<\/div>\n<\/div><\/div><\/div><\/div><\/div><\/div><\/div><\/div><\/div><\/div><\/div><\/div><\/div><script id=\"script-row-unique-0\" data-row=\"script-row-unique-0\" type=\"text\/javascript\" class=\"vc_controls\">UNCODE.initRow(document.getElementById(\"row-unique-0\"));<\/script><\/div><\/div><\/div>\n<\/div>","protected":false},"excerpt":{"rendered":"Invitation Dear Farmers, It is with great pleasure that we invite you to the official presentation of our new product\/service, [...]","protected":false},"author":1,"featured_media":0,"parent":0,"menu_order":0,"comment_status":"closed","ping_status":"closed","template":"","meta":{"_crdt_document":"","advanced_seo_description":"","jetpack_seo_html_title":"","jetpack_seo_noindex":false,"footnotes":""},"class_list":["post-578","page","type-page","status-publish","hentry"],"jetpack_sharing_enabled":false,"jetpack_likes_enabled":false,"_links":{"self":[{"href":"https:\/\/isaaccode.ba\/bs\/wp-json\/wp\/v2\/pages\/578","targetHints":{"allow":["GET"]}}],"collection":[{"href":"https:\/\/isaaccode.ba\/bs\/wp-json\/wp\/v2\/pages"}],"about":[{"href":"https:\/\/isaaccode.ba\/bs\/wp-json\/wp\/v2\/types\/page"}],"author":[{"embeddable":true,"href":"https:\/\/isaaccode.ba\/bs\/wp-json\/wp\/v2\/users\/1"}],"replies":[{"embeddable":true,"href":"https:\/\/isaaccode.ba\/bs\/wp-json\/wp\/v2\/comments?post=578"}],"version-history":[{"count":8,"href":"https:\/\/isaaccode.ba\/bs\/wp-json\/wp\/v2\/pages\/578\/revisions"}],"predecessor-version":[{"id":616,"href":"https:\/\/isaaccode.ba\/bs\/wp-json\/wp\/v2\/pages\/578\/revisions\/616"}],"wp:attachment":[{"href":"https:\/\/isaaccode.ba\/bs\/wp-json\/wp\/v2\/media?parent=578"}],"curies":[{"name":"wp","href":"https:\/\/api.w.org\/{rel}","templated":true}]}}