{"id":269,"date":"2025-04-03T14:01:49","date_gmt":"2025-04-03T14:01:49","guid":{"rendered":"https:\/\/isaaccode.ba\/?page_id=269"},"modified":"2026-02-13T16:03:18","modified_gmt":"2026-02-13T16:03:18","slug":"cow-gazer","status":"publish","type":"page","link":"https:\/\/isaaccode.ba\/bs\/cow-gazer\/","title":{"rendered":"Cow Gazer"},"content":{"rendered":"<div class=\"wpb-content-wrapper\"><div data-parent=\"true\" class=\"vc_row has-bg need-focus style-color-xsdn-bg row-container\" id=\"row-unique-0\"><div class=\"row-background background-element\" style=\"opacity: 1;\">\n\t\t\t\t\t\t\t\t\t\t\t<div class=\"background-wrapper\">\n\t\t\t\t\t\t\t\t\t\t\t\t<div class=\"background-inner\"><\/div>\n\t\t\t\t\t\t\t\t\t\t\t\t<div class=\"block-bg-overlay style-color-378443-bg\" style=\"opacity: 1;\"><\/div>\n\t\t\t\t\t\t\t\t\t\t\t<\/div>\n\t\t\t\t\t\t\t\t\t\t<\/div><div class=\"row row-parent\"><div class=\"wpb_row row-inner\"><div class=\"wpb_column pos-top pos-center align_left column_parent col-lg-12 single-internal-gutter\"><div class=\"uncol style-light\"  ><div class=\"uncoltable\"><div class=\"uncell no-block-padding\" ><div class=\"uncont\" ><div class=\"uncode_text_column text-lead\" ><\/p>\n<h1 style=\"text-align: center;\">O PROIZVODU<\/h1>\n<p>\n<\/div><\/div><\/div><\/div><\/div><\/div><script id=\"script-row-unique-0\" data-row=\"script-row-unique-0\" type=\"text\/javascript\" class=\"vc_controls\">UNCODE.initRow(document.getElementById(\"row-unique-0\"));<\/script><\/div><\/div><\/div><div data-parent=\"true\" class=\"vc_row has-bg need-focus style-color-125585-bg row-container\" id=\"row-unique-1\"><div class=\"row unequal-flex row-parent\"><div class=\"wpb_row row-inner\"><div class=\"wpb_column pos-middle pos-center align_left column_parent col-lg-4 single-internal-gutter\"><div class=\"uncol style-light\"  ><div class=\"uncoltable\"><div class=\"uncell single-block-padding style-color-xsdn-bg has-bg\" ><div class=\"uncont\" >\n\t<div class=\"wpb_raw_code wpb_raw_html\" >\n\t\t<div class=\"wpb_wrapper\">\n\t\t\t<div class=\"phone-mockup\">\n  <video \n    class=\"phone-video\" \n    autoplay muted loop playsinline>\n    <source src=\"https:\/\/isaaccode.ba\/wp-content\/uploads\/02-editovanje-zivotinje-BOS.mp4\" type=\"video\/mp4\">\n  <\/video>\n\n  <img data-recalc-dims=\"1\" decoding=\"async\" \n    src=\"https:\/\/i0.wp.com\/isaaccode.ba\/wp-content\/uploads\/phoneframe.png?w=840&#038;ssl=1\" \n    alt=\"Mobile phone mockup\" \n    class=\"phone-frame\">\n<\/div>\n\n\t\t<\/div>\n\t<\/div>\n<\/div><\/div><\/div><\/div><\/div><div class=\"wpb_column pos-top pos-center align_left column_parent col-lg-4 single-internal-gutter\"><div class=\"uncol style-light\"  ><div class=\"uncoltable\"><div class=\"uncell no-block-padding\" ><div class=\"uncont\" ><div class=\"uncode_text_column\" ><\/p>\n<h3><strong>Dodavanje \u017eivotinja<\/strong><\/h3>\n<p>Kreirajte svoje stado u aplikaciji<\/p>\n<p>Jednostavno dodajte goveda u sistem za upravljanje putem mobilne aplikacije. Unesite osnovne podatke za svaku \u017eivotinju i odr\u017eavajte ta\u010dnu i a\u017eurnu evidenciju od samog po\u010detka.<\/p>\n<h3><strong>Evidencija \u017eivotinja<\/strong><\/h3>\n<p>Svi va\u017eni podaci na jednom mjestu<\/p>\n<p>Vodite potpunu evidenciju za svaku \u017eivotinju, uklju\u010duju\u0107i te\u017einu, historiju rasta i druge va\u017ene doga\u0111aje. Pratite u\u010dinak tokom vremena i donosite bolje upravlja\u010dke odluke na osnovu pouzdanih podataka.<\/p>\n<h3><strong>Evidencija vaganja<\/strong><\/h3>\n<p>Pra\u0107enje rasta i proizvodnih rezultata<\/p>\n<p>Brzo bilje\u017eite te\u017einu \u017eivotinja na terenu i pratite prirast tokom vremena. Koristite ove podatke za procjenu u\u010dinka, prilago\u0111avanje ishrane i pove\u0107anje produktivnosti.<\/p>\n<h3><strong>Jednostavan unos podataka<\/strong><\/h3>\n<p>Bilje\u017eite informacije bilo gdje<\/p>\n<p>Dodavajte i a\u017eurirajte evidenciju \u017eivotinja direktno putem mobilnog telefona, \u010dak i bez internetskog signala. Svi podaci se automatski sinhronizuju kada se ponovo pove\u017eete.<\/p>\n<\/div><span class=\"btn-container btn-block\" ><a role=\"button\"  href=\"https:\/\/isaaccode.ba\/bs\/cow-gazer-offer\/\" class=\"custom-link btn btn-xl border-width-0 btn-text-skin btn-color-189656 btn-square btn-flat btn-block btn-icon-left btn-ripple-out btn-border-animated\" title=\"Tu smo da stvaramo\"><i class=\"fa fa-arrow-right-outline\"><\/i>Kupi ODMAH<\/a><\/span><\/div><\/div><\/div><\/div><\/div><div class=\"wpb_column pos-middle pos-center align_left column_parent col-lg-4 single-internal-gutter\"><div class=\"uncol style-light\"  ><div class=\"uncoltable\"><div class=\"uncell single-block-padding style-color-xsdn-bg has-bg\" ><div class=\"uncont\" >\n\t<div class=\"wpb_raw_code wpb_raw_html\" >\n\t\t<div class=\"wpb_wrapper\">\n\t\t\t<div class=\"phone-mockup\">\n  <video \n    class=\"phone-video\" \n    autoplay muted loop playsinline>\n    <source src=\"https:\/\/isaaccode.ba\/wp-content\/uploads\/03-dodavanje-vaganja-BOS.mp4\" type=\"video\/mp4\">\n  <\/video>\n\n  <img data-recalc-dims=\"1\" decoding=\"async\" \n    src=\"https:\/\/i0.wp.com\/isaaccode.ba\/wp-content\/uploads\/phoneframe.png?w=840&#038;ssl=1\" \n    alt=\"Mobile phone mockup\" \n    class=\"phone-frame\">\n<\/div>\n\n\t\t<\/div>\n\t<\/div>\n<\/div><\/div><\/div><\/div><\/div><script id=\"script-row-unique-1\" data-row=\"script-row-unique-1\" type=\"text\/javascript\" class=\"vc_controls\">UNCODE.initRow(document.getElementById(\"row-unique-1\"));<\/script><\/div><\/div><\/div><div data-parent=\"true\" class=\"vc_row has-bg need-focus style-color-xsdn-bg row-container\" id=\"row-unique-2\"><div class=\"row unequal-flex row-parent\"><div class=\"row-background background-element\" style=\"opacity: 1;\">\n\t\t\t\t\t\t\t\t\t\t\t<div class=\"background-wrapper\">\n\t\t\t\t\t\t\t\t\t\t\t\t<div class=\"background-inner\"><\/div>\n\t\t\t\t\t\t\t\t\t\t\t\t<div class=\"block-bg-overlay style-color-xsdn-bg\" style=\"opacity: 1;\"><\/div>\n\t\t\t\t\t\t\t\t\t\t\t<\/div>\n\t\t\t\t\t\t\t\t\t\t<\/div><div class=\"wpb_row row-inner\"><div class=\"wpb_column pos-middle pos-left align_left column_parent col-lg-4 single-internal-gutter\"><div class=\"uncol style-light\"  ><div class=\"uncoltable\"><div class=\"uncell single-block-padding style-color-xsdn-bg has-bg\" ><div class=\"uncont\" >\n\t<div class=\"wpb_raw_code wpb_raw_html\" >\n\t\t<div class=\"wpb_wrapper\">\n\t\t\t<div class=\"phone-mockup\">\n  <video \n    class=\"phone-video\" \n    autoplay muted loop playsinline>\n    <source src=\"https:\/\/isaaccode.ba\/wp-content\/uploads\/01-dodavanje-eventa-BOS.mp4\" type=\"video\/mp4\">\n  <\/video>\n\n  <img data-recalc-dims=\"1\" decoding=\"async\" \n    src=\"https:\/\/i0.wp.com\/isaaccode.ba\/wp-content\/uploads\/phoneframe.png?w=840&#038;ssl=1\" \n    alt=\"Mobile phone mockup\" \n    class=\"phone-frame\">\n<\/div>\n\n\t\t<\/div>\n\t<\/div>\n<\/div><\/div><\/div><\/div><\/div><div class=\"wpb_column pos-top pos-center align_left column_parent col-lg-4 single-internal-gutter\"><div class=\"uncol style-light\"  ><div class=\"uncoltable\"><div class=\"uncell no-block-padding\" ><div class=\"uncont\" ><div class=\"uncode_text_column\" ><\/p>\n<h3><strong>Doga\u0111aji \u017eivotinja<\/strong><\/h3>\n<p>Svi zapisi o stoci na jednom mjestu<\/p>\n<p>Bilje\u017eite i upravljajte va\u017enim doga\u0111ajima za \u017eivotinje direktno u aplikaciji. Vodite ta\u010dne i a\u017eurirane evidencije za svaku \u017eivotinju i osigurajte da ni\u0161ta ne bude propu\u0161teno.<\/p>\n<h3><strong>Veterinarski doga\u0111aji<\/strong><\/h3>\n<p>Jednostavno pra\u0107enje zdravstvenog stanja<\/p>\n<p>Bilje\u017eite veterinarske posjete, dijagnoze i zahvate za pojedina\u010dne \u017eivotinje ili grupe. Cijeli tim mo\u017ee u svakom trenutku vidjeti zdravstveni status i ostati uskla\u0111en s propisima.<\/p>\n<h3><strong>Doga\u0111aji vezani za lijekove<\/strong><\/h3>\n<p>Jasna evidencija tretmana<\/p>\n<p>Jednostavno evidentirajte primijenjene lijekove, doze i karence. Osigurajte pravilno pra\u0107enje terapija i sigurnost \u017eivotinja prije prodaje ili premje\u0161tanja.<\/p>\n<\/div><\/div><\/div><\/div><\/div><\/div><div class=\"wpb_column pos-top pos-center align_left column_parent col-lg-4 single-internal-gutter\"><div class=\"uncol style-light\"  ><div class=\"uncoltable\"><div class=\"uncell no-block-padding\" ><div class=\"uncont\" ><div class=\"uncode_text_column\" ><\/p>\n<h3><strong>Reproduktivni doga\u0111aji<\/strong><\/h3>\n<p>Pra\u0107enje rasploda i plodnosti<\/p>\n<p>Zabilje\u017eite klju\u010dne reproduktivne doga\u0111aje kao \u0161to su tjeranje, osjemenjivanje, pregledi i teljenje ili janjenje. Koristite ove podatke za pra\u0107enje plodnosti i bolje planiranje.<\/p>\n<h3><strong>Godi\u0161nji doga\u0111aji<\/strong><\/h3>\n<p>Nikada ne propustite rutinske aktivnosti<\/p>\n<p>Bilje\u017eite godi\u0161nje aktivnosti poput vaganja, ozna\u010davanja, \u0161i\u0161anja ili pregleda. Odr\u017eavajte potpunu godi\u0161nju evidenciju za svaku \u017eivotinju i pojednostavite izvje\u0161taje i kontrole.<\/p>\n<\/div><span class=\"btn-container btn-block\" ><a role=\"button\"  href=\"https:\/\/isaaccode.ba\/bs\/cow-gazer-offer\/\" class=\"custom-link btn btn-xl border-width-0 btn-text-skin btn-color-189656 btn-square btn-flat btn-block btn-icon-left btn-ripple-out btn-border-animated\" title=\"Tu smo da stvaramo\"><i class=\"fa fa-arrow-right-outline\"><\/i>Kupi ODMAH<\/a><\/span><\/div><\/div><\/div><\/div><\/div><script id=\"script-row-unique-2\" data-row=\"script-row-unique-2\" type=\"text\/javascript\" class=\"vc_controls\">UNCODE.initRow(document.getElementById(\"row-unique-2\"));<\/script><\/div><\/div><\/div><div data-parent=\"true\" class=\"vc_row has-bg need-focus style-color-125585-bg row-container\" id=\"row-unique-3\"><div class=\"row unequal-flex row-parent\"><div class=\"wpb_row row-inner\"><div class=\"wpb_column pos-middle pos-center align_left column_parent col-lg-4 single-internal-gutter\"><div class=\"uncol style-light\"  ><div class=\"uncoltable\"><div class=\"uncell single-block-padding style-color-xsdn-bg has-bg\" ><div class=\"uncont\" >\n\t<div class=\"wpb_raw_code wpb_raw_html\" >\n\t\t<div class=\"wpb_wrapper\">\n\t\t\t<div class=\"phone-mockup\">\n  <video \n    class=\"phone-video\" \n    autoplay muted loop playsinline>\n    <source src=\"https:\/\/isaaccode.ba\/wp-content\/uploads\/04-dashbord-vijesti-BOS.mp4\" type=\"video\/mp4\">\n  <\/video>\n\n  <img data-recalc-dims=\"1\" decoding=\"async\" \n    src=\"https:\/\/i0.wp.com\/isaaccode.ba\/wp-content\/uploads\/phoneframe.png?w=840&#038;ssl=1\" \n    alt=\"Mobile phone mockup\" \n    class=\"phone-frame\">\n<\/div>\n\n\t\t<\/div>\n\t<\/div>\n<\/div><\/div><\/div><\/div><\/div><div class=\"wpb_column pos-top pos-center align_left column_parent col-lg-4 single-internal-gutter\"><div class=\"uncol style-light\"  ><div class=\"uncoltable\"><div class=\"uncell no-block-padding\" ><div class=\"uncont\" ><div class=\"uncode_text_column text-small\" ><\/p>\n<h3><strong>Dokumenti i fotografije \u017eivotinja<\/strong><\/h3>\n<p>Svi va\u017eni fajlovi uz svaku \u017eivotinju<\/p>\n<p>Dodajte fotografije i u\u010ditajte dokumente direktno na profil svake \u017eivotinje. \u010cuvajte paso\u0161e, certifikate, rezultate testova i druge va\u017ene dokumente na jednom sigurnom mjestu.<\/p>\n<h3><strong>Fotografisanje<\/strong><\/h3>\n<p>Zabilje\u017eite informacije na terenu<\/p>\n<p>Fotografi\u0161ite \u017eivotinje pomo\u0107u mobilnog telefona i odmah ih pove\u017eite s njihovim zapisima. Idealno za identifikaciju, zdravstvene preglede i dijeljenje informacija s timom.<\/p>\n<h3><strong>U\u010ditavanje dokumenata<\/strong><\/h3>\n<p>Jednostavno i sigurno pohranjivanje<\/p>\n<p>U\u010ditajte PDF dokumente, slike i druge fajlove vezane za svaku \u017eivotinju. Svi zapisi ostaju organizovani i dostupni kad god vam zatrebaju.<\/p>\n<h3><strong>Historija zapisa<\/strong><\/h3>\n<p>Everything stored and easy to find<\/p>\n<p>Odr\u017eavajte kompletnu historiju fotografija i dokumenata za svaku \u017eivotinju. Brzo pregledajte ranije zapise za kontrole, prodaju ili veterinarske preglede.<\/p>\n<h3><strong>Kontrolna plo\u010da<\/strong><\/h3>\n<p>Sve sa\u010duvano i lako dostupno<\/p>\n<p>Dobijte jasan pregled farme odmah po otvaranju aplikacije. Sve klju\u010dne informacije, zadaci i va\u017ene obavijesti nalaze se na jednom mjestu.<\/p>\n<h3><strong>Najbolje \u017eivotinje<\/strong><\/h3>\n<p>Istaknuti rezultati<\/p>\n<p>Pregledajte \u017eivotinje s najboljim rezultatima na osnovu prirasta, zdravstvenog stanja ili nedavnih aktivnosti. Brzo prepoznajte one koje se isti\u010du ili zahtijevaju pa\u017enju.<\/p>\n<\/div><\/div><\/div><\/div><\/div><\/div><div class=\"wpb_column pos-top pos-center align_left column_parent col-lg-4 single-internal-gutter\"><div class=\"uncol style-light\"  ><div class=\"uncoltable\"><div class=\"uncell no-block-padding\" ><div class=\"uncont\" ><div class=\"uncode_text_column\" ><\/p>\n<h3><strong>Doga\u0111aji \u017eivotinja<\/strong><\/h3>\n<p>\u0160ta zahtijeva pa\u017enju<\/p>\n<p>Pregled nadolaze\u0107ih ili propu\u0161tenih doga\u0111aja poput tretmana, vaganja ili reproduktivnih pregleda. Ostanite u toku s va\u017enim zadacima i izbjegnite propuste.<\/p>\n<h3><strong>Vrijeme<\/strong><\/h3>\n<p>Planirajte prema uslovima<\/p>\n<p>Provjerite trenutno i nadolaze\u0107e vrijeme kako biste bolje planirali ispa\u0161u, premje\u0161tanje i ostale poslove na farmi.<\/p>\n<h3><strong>Poljoprivredne vijesti<\/strong><\/h3>\n<p>Budite informisani<\/p>\n<p>Pratite najnovije vijesti iz poljoprivrede i sto\u010darstva direktno u aplikaciji. Budite u toku s tr\u017ei\u0161nim trendovima, propisima i novostima iz industrije.<\/p>\n<h3><strong>Brzi pristup<\/strong><\/h3>\n<p>Postavke i kontrole<\/p>\n<p>Brzo pristupite postavkama aplikacije, obavijestima i klju\u010dnim funkcijama direktno sa kontrolne plo\u010de. Prilagodite aplikaciju potrebama va\u0161e farme.<\/p>\n<\/div><span class=\"btn-container btn-block\" ><a role=\"button\"  href=\"https:\/\/isaaccode.ba\/bs\/cow-gazer-offer\/\" class=\"custom-link btn btn-xl border-width-0 btn-text-skin btn-color-189656 btn-square btn-flat btn-block btn-icon-left btn-ripple-out btn-border-animated\" title=\"Tu smo da stvaramo\"><i class=\"fa fa-arrow-right-outline\"><\/i>Kupi ODMAH<\/a><\/span><\/div><\/div><\/div><\/div><\/div><script id=\"script-row-unique-3\" data-row=\"script-row-unique-3\" type=\"text\/javascript\" class=\"vc_controls\">UNCODE.initRow(document.getElementById(\"row-unique-3\"));<\/script><\/div><\/div><\/div><div data-parent=\"true\" class=\"vc_row has-bg need-focus style-color-xsdn-bg row-container\" id=\"row-unique-4\"><div class=\"row unequal-flex row-parent\"><div class=\"wpb_row row-inner\"><div class=\"wpb_column pos-middle pos-center align_left column_parent col-lg-4 single-internal-gutter\"><div class=\"uncol style-light\"  ><div class=\"uncoltable\"><div class=\"uncell single-block-padding style-color-xsdn-bg has-bg\" ><div class=\"uncont\" >\n\t<div class=\"wpb_raw_code wpb_raw_html\" >\n\t\t<div class=\"wpb_wrapper\">\n\t\t\t<div class=\"phone-mockup\">\n  <video \n    class=\"phone-video\" \n    autoplay muted loop playsinline>\n    <source src=\"https:\/\/isaaccode.ba\/wp-content\/uploads\/05-crtanje-lokacije-BOS.mp4\" type=\"video\/mp4\">\n  <\/video>\n\n  <img data-recalc-dims=\"1\" decoding=\"async\" \n    src=\"https:\/\/i0.wp.com\/isaaccode.ba\/wp-content\/uploads\/phoneframe.png?w=840&#038;ssl=1\" \n    alt=\"Mobile phone mockup\" \n    class=\"phone-frame\">\n<\/div>\n\n\t\t<\/div>\n\t<\/div>\n<\/div><\/div><\/div><\/div><\/div><div class=\"wpb_column pos-top pos-center align_left column_parent col-lg-4 single-internal-gutter\"><div class=\"uncol style-light\"  ><div class=\"uncoltable\"><div class=\"uncell no-block-padding\" ><div class=\"uncont\" ><div class=\"uncode_text_column\" ><\/p>\n<h3><strong>Poljoprivredni GIS<\/strong><\/h3>\n<p>Vizualizirajte farmu na mapi<\/p>\n<p>Upravljajte farmom prostorno pomo\u0107u interaktivne mape. Pove\u017eite \u017eivotinje, parcele i lokacije sa stvarnim mjestima za bolje planiranje i pra\u0107enje.<\/p>\n<h3><strong>Lokacije \u017eivotinja<\/strong><\/h3>\n<p>Uvijek znajte gdje je stoka<\/p>\n<p>Dodajte \u017eivotinje na odre\u0111ene lokacije na mapi i pratite gdje se nalaze ili pasu. Cijeli tim mo\u017ee brzo vidjeti raspored stoke na farmi.<\/p>\n<h3><strong>Crtanje lokacija<\/strong><\/h3>\n<p>Kreirajte i upravljajte povr\u0161inama<\/p>\n<p>Crtajte polja, pa\u0161njake i druge lokacije direktno na mapi. Jasno defini\u0161ite granice i digitalno organizujte svoje zemlji\u0161te.<\/p>\n<\/div><\/div><\/div><\/div><\/div><\/div><div class=\"wpb_column pos-top pos-center align_left column_parent col-lg-4 single-internal-gutter\"><div class=\"uncol style-light\"  ><div class=\"uncoltable\"><div class=\"uncell no-block-padding\" ><div class=\"uncont\" ><div class=\"uncode_text_column\" ><\/p>\n<h3><strong>Evidencija lokacija<\/strong><\/h3>\n<p>Pouzdana historija kretanja<\/p>\n<p>Vodite evidenciju kretanja \u017eivotinja i kori\u0161tenja lokacija kroz vrijeme. Pregledajte prethodne lokacije za izvje\u0161taje, planiranje i uskla\u0111enost s propisima.<\/p>\n<h3><strong>Upravljanje putem mape<\/strong><\/h3>\n<p>Jednostavno i intuitivno<\/p>\n<p>Upravljajte \u017eivotinjama i lokacijama direktno s mape na mobilnom ure\u0111aju. Lako unosite promjene na terenu, \u010dak i bez internetskog signala.<\/p>\n<\/div><span class=\"btn-container btn-block\" ><a role=\"button\"  href=\"https:\/\/isaaccode.ba\/bs\/cow-gazer-offer\/\" class=\"custom-link btn btn-xl border-width-0 btn-text-skin btn-color-189656 btn-square btn-flat btn-block btn-icon-left btn-ripple-out btn-border-animated\" title=\"Tu smo da stvaramo\"><i class=\"fa fa-arrow-right-outline\"><\/i>Kupi ODMAH<\/a><\/span><\/div><\/div><\/div><\/div><\/div><script id=\"script-row-unique-4\" data-row=\"script-row-unique-4\" type=\"text\/javascript\" class=\"vc_controls\">UNCODE.initRow(document.getElementById(\"row-unique-4\"));<\/script><\/div><\/div><\/div><div data-parent=\"true\" class=\"vc_row has-bg need-focus style-color-125585-bg row-container\" id=\"row-unique-5\"><div class=\"row unequal-flex row-parent\"><div class=\"wpb_row row-inner\"><div class=\"wpb_column pos-middle pos-center align_left column_parent col-lg-4 single-internal-gutter\"><div class=\"uncol style-light\"  ><div class=\"uncoltable\"><div class=\"uncell single-block-padding style-color-xsdn-bg has-bg\" ><div class=\"uncont\" >\n\t<div class=\"wpb_raw_code wpb_raw_html\" >\n\t\t<div class=\"wpb_wrapper\">\n\t\t\t<div class=\"phone-mockup\">\n  <video \n    class=\"phone-video\" \n    autoplay muted loop playsinline>\n    <source src=\"https:\/\/isaaccode.ba\/wp-content\/uploads\/06-masine-BOS.mp4\" type=\"video\/mp4\">\n  <\/video>\n\n  <img data-recalc-dims=\"1\" decoding=\"async\" \n    src=\"https:\/\/i0.wp.com\/isaaccode.ba\/wp-content\/uploads\/phoneframe.png?w=840&#038;ssl=1\" \n    alt=\"Mobile phone mockup\" \n    class=\"phone-frame\">\n<\/div>\n\n\t\t<\/div>\n\t<\/div>\n<\/div><\/div><\/div><\/div><\/div><div class=\"wpb_column pos-top pos-center align_left column_parent col-lg-4 single-internal-gutter\"><div class=\"uncol style-light\"  ><div class=\"uncoltable\"><div class=\"uncell no-block-padding\" ><div class=\"uncont\" ><div class=\"uncode_text_column\" ><\/p>\n<h3><strong>Dodaj strojeve<\/strong><\/h3>\n<p>Unesi poljoprivrednu mehanizaciju u aplikaciju<\/p>\n<p>Jednostavno dodajte traktore, kombajne i ostale poljoprivredne strojeve u svoj sustav upravljanja putem mobitela. Zabilje\u017eite osnovne podatke i odr\u017eavajte popis opreme to\u010dnim i organiziranim od prvog dana.<\/p>\n<h3><strong>Evidencija strojeva<\/strong><\/h3>\n<p>Sve informacije o opremi na jednom mjestu<\/p>\n<p>Vodite potpune zapise za svaki stroj, uklju\u010duju\u0107i podatke o modelu, radnim satima, povijesti odr\u017eavanja i servisnim intervalima. Pratite u\u010dinkovitost kroz vrijeme, smanjite zastoje i donosite pametnije odluke uz pouzdane podatke.<\/p>\n<\/div><span class=\"btn-container btn-block\" ><a role=\"button\"  href=\"https:\/\/isaaccode.ba\/bs\/cow-gazer-offer\/\" class=\"custom-link btn btn-xl border-width-0 btn-text-skin btn-color-189656 btn-square btn-flat btn-block btn-icon-left btn-ripple-out btn-border-animated\" title=\"Tu smo da stvaramo\"><i class=\"fa fa-arrow-right-outline\"><\/i>Kupi ODMAH<\/a><\/span><\/div><\/div><\/div><\/div><\/div><div class=\"wpb_column pos-top pos-center align_left column_parent col-lg-4 single-internal-gutter\"><div class=\"uncol style-light\"  ><div class=\"uncoltable\"><div class=\"uncell no-block-padding\" ><div class=\"uncont\" ><\/div><\/div><\/div><\/div><\/div><script id=\"script-row-unique-5\" data-row=\"script-row-unique-5\" type=\"text\/javascript\" class=\"vc_controls\">UNCODE.initRow(document.getElementById(\"row-unique-5\"));<\/script><\/div><\/div><\/div><div data-parent=\"true\" class=\"vc_row row-container magnetic with-parallax\" id=\"row-unique-6\"><div class=\"row row-parent\"><div class=\"row-background background-element\">\n\t\t\t\t\t\t\t\t\t\t\t<div class=\"background-wrapper\">\n\t\t\t\t\t\t\t\t\t\t\t\t<div class=\"background-inner\" style=\"background-image: url(https:\/\/isaaccode.ba\/wp-content\/uploads\/cowbox.jpg);background-repeat: no-repeat;background-position: center center;background-size: cover;\"><\/div>\n\t\t\t\t\t\t\t\t\t\t\t\t\n\t\t\t\t\t\t\t\t\t\t\t<\/div>\n\t\t\t\t\t\t\t\t\t\t<\/div><div class=\"wpb_row row-inner\"><div class=\"wpb_column pos-top pos-center align_center column_parent col-lg-6 single-internal-gutter\"><div class=\"uncol style-light\"  ><div class=\"uncoltable\"><div class=\"uncell no-block-padding\" ><div class=\"uncont\" style=\" max-width:600px;\" ><div class=\"uncode_text_column text-lead\" ><\/p>\n<h3 style=\"text-align: center;\"><span style=\"font-weight: 400;\">Na\u0161a misija je da farmerima pru\u017eimo efikasnije uvide zasnovane na podacima\u2014jer svaka krava ima svoju pri\u010du, a mi vam poma\u017eemo da je pro\u010ditate.<\/span><\/h3>\n<h3 style=\"text-align: center;\"><span style=\"font-weight: 400;\">Prona\u0111ite<\/span><\/h3>\n<p>\n<\/div><div class=\"uncode-single-media  text-center\"><div class=\"single-wrapper\" style=\"max-width: 75%;\"><div class=\"tmb tmb-light  tmb-media-first tmb-media-last tmb-content-overlay tmb-no-bg\"><div class=\"t-inside\"><div class=\"t-entry-visual\"><div class=\"t-entry-visual-tc\"><div class=\"uncode-single-media-wrapper\"><img data-recalc-dims=\"1\" decoding=\"async\" class=\"wp-image-405\" src=\"https:\/\/i0.wp.com\/isaaccode.ba\/wp-content\/uploads\/gif-cow.gif?resize=300%2C50&#038;ssl=1\" width=\"300\" height=\"50\" alt=\"\" srcset=\"https:\/\/i0.wp.com\/isaaccode.ba\/wp-content\/uploads\/gif-cow.gif?w=300&amp;ssl=1 300w, https:\/\/i0.wp.com\/isaaccode.ba\/wp-content\/uploads\/gif-cow.gif?resize=18%2C3&amp;ssl=1 18w\" sizes=\"(max-width: 300px) 100vw, 300px\" \/><\/div>\n\t\t\t\t\t<\/div>\n\t\t\t\t<\/div><\/div><\/div><\/div><\/div><div class=\"uncode_text_column text-lead\" ><\/p>\n<h3 style=\"text-align: center;\"><span style=\"font-weight: 400;\">va\u0161e krave uz Cow Gazer.<\/span><\/h3>\n<p>\n<\/div><span class=\"btn-container btn-block\" ><a role=\"button\"  href=\"https:\/\/isaaccode.ba\/bs\/cow-gazer-offer\/\" class=\"custom-link btn btn-xl border-width-0 btn-text-skin btn-color-189656 btn-square btn-flat btn-block btn-icon-left btn-ripple-out btn-border-animated\" title=\"Tu smo da stvaramo\"><i class=\"fa fa-arrow-right-outline\"><\/i>Kupi ODMAH<\/a><\/span><\/div><\/div><\/div><\/div><\/div><div class=\"wpb_column pos-top pos-center align_left column_parent col-lg-6 single-internal-gutter\"><div class=\"uncol style-light\"  ><div class=\"uncoltable\"><div class=\"uncell no-block-padding\" ><div class=\"uncont\" ><\/div><\/div><\/div><\/div><\/div><script id=\"script-row-unique-6\" data-row=\"script-row-unique-6\" type=\"text\/javascript\" class=\"vc_controls\">UNCODE.initRow(document.getElementById(\"row-unique-6\"));<\/script><\/div><\/div><\/div>\n<\/div>","protected":false},"excerpt":{"rendered":"<p>Od pa\u0161njaka do profila \u2014 upoznajte svaku kravu bolje nego ikad prije.<\/p>","protected":false},"author":1,"featured_media":0,"parent":0,"menu_order":0,"comment_status":"closed","ping_status":"closed","template":"","meta":{"_crdt_document":"","advanced_seo_description":"","jetpack_seo_html_title":"","jetpack_seo_noindex":false,"footnotes":""},"class_list":["post-269","page","type-page","status-publish","hentry"],"jetpack_sharing_enabled":false,"jetpack_likes_enabled":false,"_links":{"self":[{"href":"https:\/\/isaaccode.ba\/bs\/wp-json\/wp\/v2\/pages\/269","targetHints":{"allow":["GET"]}}],"collection":[{"href":"https:\/\/isaaccode.ba\/bs\/wp-json\/wp\/v2\/pages"}],"about":[{"href":"https:\/\/isaaccode.ba\/bs\/wp-json\/wp\/v2\/types\/page"}],"author":[{"embeddable":true,"href":"https:\/\/isaaccode.ba\/bs\/wp-json\/wp\/v2\/users\/1"}],"replies":[{"embeddable":true,"href":"https:\/\/isaaccode.ba\/bs\/wp-json\/wp\/v2\/comments?post=269"}],"version-history":[{"count":121,"href":"https:\/\/isaaccode.ba\/bs\/wp-json\/wp\/v2\/pages\/269\/revisions"}],"predecessor-version":[{"id":1403,"href":"https:\/\/isaaccode.ba\/bs\/wp-json\/wp\/v2\/pages\/269\/revisions\/1403"}],"wp:attachment":[{"href":"https:\/\/isaaccode.ba\/bs\/wp-json\/wp\/v2\/media?parent=269"}],"curies":[{"name":"wp","href":"https:\/\/api.w.org\/{rel}","templated":true}]}}