{"id":1663,"date":"2026-05-12T06:52:25","date_gmt":"2026-05-12T06:52:25","guid":{"rendered":"https:\/\/isaaccode.ba\/?page_id=1663"},"modified":"2026-05-12T09:29:13","modified_gmt":"2026-05-12T09:29:13","slug":"edulab","status":"publish","type":"page","link":"https:\/\/isaaccode.ba\/bs\/edulab\/","title":{"rendered":"eduLab"},"content":{"rendered":"<div class=\"wpb-content-wrapper\"><div data-parent=\"true\" class=\"vc_row has-bg need-focus style-color-xsdn-bg vc_custom_1778568946432 border-color-216777-color row-container\" style=\"border-style: solid;border-bottom-width: 2px ;\" id=\"row-unique-1\"><div class=\"row row-parent\"><div class=\"wpb_row row-inner\"><div class=\"wpb_column pos-top pos-center align_left column_parent col-lg-3 single-internal-gutter\"><div class=\"uncol style-light\"  ><div class=\"uncoltable\"><div class=\"uncell no-block-padding\" ><div class=\"uncont\" ><div class=\"uncode-single-media  text-left\"><div class=\"single-wrapper\" style=\"max-width: 250px;\"><div class=\"tmb tmb-light  tmb-media-first tmb-media-last tmb-content-overlay tmb-no-bg\"><div class=\"t-inside\"><div class=\"t-entry-visual\"><div class=\"t-entry-visual-tc\"><div class=\"uncode-single-media-wrapper\"><div class=\"fluid-svg\"><span id=\"icon-123920\" style=\"width:100%\" class=\"icon-media\"><img decoding=\"async\" src=\"https:\/\/isaaccode.ba\/wp-content\/uploads\/edulab-poz.svg\" alt=\"\"><\/span><\/div><\/div>\n\t\t\t\t\t<\/div>\n\t\t\t\t<\/div><\/div><\/div><\/div><\/div><\/div><\/div><\/div><\/div><\/div><div class=\"wpb_column pos-top pos-center align_left column_parent col-lg-6 single-internal-gutter\"><div class=\"uncol style-light\"  ><div class=\"uncoltable\"><div class=\"uncell no-block-padding\" ><div class=\"uncont\" ><\/div><\/div><\/div><\/div><\/div><div class=\"wpb_column pos-top pos-center align_left column_parent col-lg-3 single-internal-gutter\"><div class=\"uncol style-light\"  ><div class=\"uncoltable\"><div class=\"uncell no-block-padding\" ><div class=\"uncont\" ><\/div><\/div><\/div><\/div><\/div><script id=\"script-row-unique-1\" data-row=\"script-row-unique-1\" type=\"text\/javascript\" class=\"vc_controls\">UNCODE.initRow(document.getElementById(\"row-unique-1\"));<\/script><\/div><\/div><\/div><div data-parent=\"true\" class=\"vc_row vc_custom_1778570579375 border-color-216777-color row-container magnetic with-parallax\" style=\"border-style: solid;border-bottom-width: 2px ;\" id=\"row-unique-2\"><div class=\"row row-parent\"><div class=\"row-background background-element\">\n\t\t\t\t\t\t\t\t\t\t\t<div class=\"background-wrapper\">\n\t\t\t\t\t\t\t\t\t\t\t\t<div class=\"background-inner\" style=\"background-image: url(https:\/\/isaaccode.ba\/wp-content\/uploads\/hero2.jpg);background-repeat: no-repeat;background-position: center center;background-size: cover;\"><\/div>\n\t\t\t\t\t\t\t\t\t\t\t\t\n\t\t\t\t\t\t\t\t\t\t\t<\/div>\n\t\t\t\t\t\t\t\t\t\t<\/div><div class=\"wpb_row row-inner\"><div class=\"wpb_column pos-top pos-center align_left column_parent col-lg-6 single-internal-gutter\"><div class=\"uncol style-light\"  ><div class=\"uncoltable\"><div class=\"uncell no-block-padding\" ><div class=\"uncont\" ><div class=\"uncode_text_column text-color-138719-color\" ><\/p>\n<h3><span lang=\"EN\">Isaac Code EduLab<\/span><\/h3>\n<p>\n<\/div><div class=\"uncode_text_column text-color-216777-color\" ><\/p>\n<h4>Kreativno u\u010denje kroz kod, logiku, umjetnost i sisteme<\/h4>\n<p>\n<\/div><div class=\"uncode_text_column\" ><p>Isaac Code EduLab je edukativna inicijativa za djecu i mlade koja povezuje tehnologiju, matematiku, umjetnost i prakti\u010dno u\u010denje.<br \/>\nKroz radionice djeca u\u010de kako ideje mogu postati jasni zadaci, kreativni radovi, jednostavni algoritmi i mali sistemi. Na\u0161 cilj je da djeca slobodno vrijeme provedu u korisnoj, zabavnoj i edukativnoj aktivnosti koja pokre\u0107e njihov svijet ma\u0161te i razvija stvarne vje\u0161tine za budu\u0107nost.<\/p>\n<\/div><div class=\"vc_row row-internal row-container\"><div class=\"row row-child\"><div class=\"wpb_row row-inner\"><div class=\"wpb_column pos-top pos-center align_left column_child col-lg-6 single-internal-gutter\"><div class=\"uncol style-light\" ><div class=\"uncoltable\"><div class=\"uncell no-block-padding\" ><div class=\"uncont\" ><span class=\"btn-container btn-block\" ><a role=\"button\"  href=\"\" class=\"custom-link btn btn-sm border-width-0 btn-default btn-outline btn-block btn-icon-left\">Prijavi dijete<\/a><\/span><\/div><\/div><\/div><\/div><\/div><div class=\"wpb_column pos-top pos-center align_left column_child col-lg-6 single-internal-gutter\"><div class=\"uncol style-light\" ><div class=\"uncoltable\"><div class=\"uncell no-block-padding\" ><div class=\"uncont\" ><span class=\"btn-container btn-block\" ><a role=\"button\"  href=\"\" class=\"custom-link btn btn-sm border-width-0 btn-default btn-outline btn-block btn-icon-left\">Pogledaj programe<\/a><\/span><\/div><\/div><\/div><\/div><\/div><\/div><\/div><\/div><\/div><\/div><\/div><\/div><\/div><div class=\"wpb_column pos-top pos-center align_left column_parent col-lg-6 single-internal-gutter\"><div class=\"uncol style-light\"  ><div class=\"uncoltable\"><div class=\"uncell no-block-padding\" ><div class=\"uncont\" ><\/div><\/div><\/div><\/div><\/div><script id=\"script-row-unique-2\" data-row=\"script-row-unique-2\" type=\"text\/javascript\" class=\"vc_controls\">UNCODE.initRow(document.getElementById(\"row-unique-2\"));<\/script><\/div><\/div><\/div><div data-parent=\"true\" class=\"vc_row row-container\" id=\"row-unique-3\"><div class=\"row row-parent\"><div class=\"wpb_row row-inner\"><div class=\"wpb_column pos-top pos-center align_left column_parent col-lg-12 single-internal-gutter\"><div class=\"uncol style-light\"  ><div class=\"uncoltable\"><div class=\"uncell no-block-padding\" ><div class=\"uncont\" ><div class=\"uncode_text_column text-color-138719-color\" ><\/p>\n<h3><span lang=\"EN\">\u0160ta je EduLab?<\/span><\/h3>\n<p>\n<\/div><div class=\"vc_row row-internal row-container\"><div class=\"row row-child\"><div class=\"wpb_row row-inner\"><div class=\"wpb_column pos-top pos-center align_left column_child col-lg-4 single-internal-gutter\"><div class=\"uncol style-light\" ><div class=\"uncoltable\"><div class=\"uncell no-block-padding\" ><div class=\"uncont\" ><div class=\"uncode_text_column\" ><p>EduLab je prostor za prakti\u010dno u\u010denje, istra\u017eivanje i stvaranje. Djeca ne u\u010de samo kroz predavanje, nego kroz igru, zadatke, makete, zagonetke, kod, crtanje i timski rad.<\/p>\n<\/div><\/div><\/div><\/div><\/div><\/div><div class=\"wpb_column pos-top pos-center align_left column_child col-lg-4 single-internal-gutter\"><div class=\"uncol style-light\" ><div class=\"uncoltable\"><div class=\"uncell no-block-padding\" ><div class=\"uncont\" ><div class=\"uncode_text_column\" ><p>Programi su osmi\u0161ljeni tako da djeci pribli\u017ee tehnologiju i logiku kroz stvarne primjere: kako radi semafor, kako se pravi mali grad, kako se rje\u0161ava matemati\u010dka zagonetka, kako se planira bud\u017eet i kako se ideja pretvara u jednostavan sistem.<\/p>\n<\/div><\/div><\/div><\/div><\/div><\/div><div class=\"wpb_column pos-top pos-center align_left column_child col-lg-4 single-internal-gutter\"><div class=\"uncol style-light\" ><div class=\"uncoltable\"><div class=\"uncell no-block-padding\" ><div class=\"uncont\" ><div class=\"uncode_text_column\" ><p>Umjesto pasivnog vremena ispred TV-a ili ekrana, EduLab nudi djeci kreativno okru\u017eenje u kojem mogu praviti, istra\u017eivati, pitati, pogrije\u0161iti, popraviti i ponovo poku\u0161ati.<\/p>\n<\/div><\/div><\/div><\/div><\/div><\/div><\/div><\/div><\/div><div class=\"uncode_text_column text-color-138719-color\" ><\/p>\n<h3><span lang=\"EN\" style=\"color: #142b51;\">Programi<\/span><\/h3>\n<p>\n<\/div><div class=\"vc_row vc_custom_1778573845051 border-color-216777-color row-internal row-container\" style=\"border-style: solid;border-bottom-width: 2px ;padding-bottom: 20px ;\"><div class=\"row row-child\"><div class=\"wpb_row row-inner\"><div class=\"wpb_column pos-top pos-center align_left column_child col-lg-1 single-internal-gutter\"><div class=\"uncol style-light\" ><div class=\"uncoltable\"><div class=\"uncell no-block-padding\" ><div class=\"uncont\" ><div class=\"uncode_text_column text-lead text-color-216777-color\" ><\/p>\n<h2><strong><span style=\"text-decoration: underline;\"><span style=\"color: #16da26; text-decoration: underline;\">1<\/span><\/span><\/strong><\/h2>\n<p>\n<\/div><div class=\"uncode-single-media  text-right\"><div class=\"single-wrapper\" style=\"max-width: 120px;\"><div class=\"tmb tmb-light  tmb-media-first tmb-media-last tmb-content-overlay tmb-no-bg\"><div class=\"t-inside\"><div class=\"t-entry-visual\"><div class=\"t-entry-visual-tc\"><div class=\"uncode-single-media-wrapper\"><img data-recalc-dims=\"1\" decoding=\"async\" class=\"wp-image-1694\" src=\"https:\/\/i0.wp.com\/isaaccode.ba\/wp-content\/uploads\/c.jpg?resize=165%2C310&#038;ssl=1\" width=\"165\" height=\"310\" alt=\"\" srcset=\"https:\/\/i0.wp.com\/isaaccode.ba\/wp-content\/uploads\/c.jpg?w=165&amp;ssl=1 165w, https:\/\/i0.wp.com\/isaaccode.ba\/wp-content\/uploads\/c.jpg?resize=160%2C300&amp;ssl=1 160w, https:\/\/i0.wp.com\/isaaccode.ba\/wp-content\/uploads\/c.jpg?resize=6%2C12&amp;ssl=1 6w\" sizes=\"(max-width: 165px) 100vw, 165px\" \/><\/div>\n\t\t\t\t\t<\/div>\n\t\t\t\t<\/div><\/div><\/div><\/div><\/div><\/div><\/div><\/div><\/div><\/div><div class=\"wpb_column pos-top pos-center align_left column_child col-lg-3 single-internal-gutter\"><div class=\"uncol style-light\" ><div class=\"uncoltable\"><div class=\"uncell no-block-padding\" ><div class=\"uncont\" ><div class=\"uncode-single-media  text-left\"><div class=\"single-wrapper\" style=\"max-width: 100%;\"><div class=\"tmb tmb-light  img-round tmb-media-first tmb-media-last tmb-content-overlay tmb-no-bg\"><div class=\"t-inside\"><div class=\"t-entry-visual\"><div class=\"t-entry-visual-tc\"><div class=\"uncode-single-media-wrapper img-round\"><img data-recalc-dims=\"1\" decoding=\"async\" class=\"wp-image-1696\" src=\"https:\/\/i0.wp.com\/isaaccode.ba\/wp-content\/uploads\/scb.jpg?resize=640%2C640&#038;ssl=1\" width=\"640\" height=\"640\" alt=\"\" srcset=\"https:\/\/i0.wp.com\/isaaccode.ba\/wp-content\/uploads\/scb.jpg?w=640&amp;ssl=1 640w, https:\/\/i0.wp.com\/isaaccode.ba\/wp-content\/uploads\/scb.jpg?resize=600%2C600&amp;ssl=1 600w, https:\/\/i0.wp.com\/isaaccode.ba\/wp-content\/uploads\/scb.jpg?resize=300%2C300&amp;ssl=1 300w, https:\/\/i0.wp.com\/isaaccode.ba\/wp-content\/uploads\/scb.jpg?resize=12%2C12&amp;ssl=1 12w, https:\/\/i0.wp.com\/isaaccode.ba\/wp-content\/uploads\/scb.jpg?resize=350%2C350&amp;ssl=1 350w, https:\/\/i0.wp.com\/isaaccode.ba\/wp-content\/uploads\/scb.jpg?resize=348%2C348&amp;ssl=1 348w\" sizes=\"(max-width: 640px) 100vw, 640px\" \/><\/div>\n\t\t\t\t\t<\/div>\n\t\t\t\t<\/div><\/div><\/div><\/div><\/div><\/div><\/div><\/div><\/div><\/div><div class=\"wpb_column pos-top pos-center align_left column_child col-lg-4 single-internal-gutter\"><div class=\"uncol style-light\" ><div class=\"uncoltable\"><div class=\"uncell no-block-padding\" ><div class=\"uncont\" ><div class=\"uncode_text_column text-small text-color-138719-color\" ><\/p>\n<h4><strong>Mali graditelji pametnog grada<\/strong><\/h4>\n<p>\n<\/div><div class=\"uncode_text_column text-small text-color-216777-color\" ><p><strong>Saobra\u0107aj, semafori i osnove programiranja<\/strong><\/p>\n<\/div><div class=\"uncode_text_column text-small\" ><p><strong>Status: <\/strong>Nova radionica \/ po\u010dinje 01.06.2026\u00a0\u00a0 <strong>Dob\/Age: <\/strong>8\u201312 godina<\/p>\n<p><strong>Termini\/Schedule: <\/strong>Smjena 1: ponedjeljak i srijeda, 10:00\u201312:00. Smjena 2: utorak i \u010detvrtak, 14:00\u201316:00.<\/p>\n<p>Djeca sklapaju mehani\u010dke konstrukcije kao \u0161to su liftovi, \u017ei\u010dare, izra\u0111uju mali grad od kartona, u\u010de osnovna pravila saobra\u0107aja i razumiju kako funkcioni\u0161u semafori. Upoznaju osnovne mehani\u010dke principe kroz izradu komponenti. Kroz jednostavne zadatke upoznaju redoslijed naredbi, logiku odlu\u010divanja i osnovne principe programiranja.<\/p>\n<\/div><\/div><\/div><\/div><\/div><\/div><div class=\"wpb_column pos-top pos-center align_left column_child col-lg-4 single-internal-gutter\"><div class=\"uncol style-light\" ><div class=\"uncoltable\"><div class=\"uncell single-block-padding style-color-172755-bg\" ><div class=\"column-background background-element\" style=\"opacity: 1;\">\n\t\t\t\t\t\t\t\t\t\t\t<div class=\"background-wrapper\">\n\t\t\t\t\t\t\t\t\t\t\t\t<div class=\"background-inner\"><\/div>\n\t\t\t\t\t\t\t\t\t\t\t\t<div class=\"block-bg-overlay style-color-xsdn-bg\" style=\"opacity: 0.85;\"><\/div>\n\t\t\t\t\t\t\t\t\t\t\t<\/div>\n\t\t\t\t\t\t\t\t\t\t<\/div><div class=\"uncont\" ><div class=\"uncode_text_column text-small\" ><p><strong>Ishodi \/ Outcomes:<\/strong><\/p>\n<ul>\n<li>kako nastaje mali sistem<\/li>\n<li>\u0161ta zna\u010di redoslijed naredbi<\/li>\n<li>kako funkcioni\u0161e semafor<\/li>\n<li>kako povezati kreativni rad i tehnologiju<\/li>\n<li>kako timski rje\u0161avati zadatke<\/li>\n<li>razumijevanje kretanja mehani\u010dkih dijelova<\/li>\n<li>razumijevanje osnovnih principa elektronike<\/li>\n<\/ul>\n<p>\n<\/div><span class=\"btn-container btn-block\" ><a role=\"button\"  href=\"\" class=\"custom-link btn btn-sm border-width-0 btn-default btn-outline btn-block btn-icon-left\">Prijavi dijete<\/a><\/span><\/div><\/div><\/div><\/div><\/div><\/div><\/div><\/div><\/div><\/div><\/div><\/div><\/div><script id=\"script-row-unique-3\" data-row=\"script-row-unique-3\" type=\"text\/javascript\" class=\"vc_controls\">UNCODE.initRow(document.getElementById(\"row-unique-3\"));<\/script><\/div><\/div><\/div>\n<\/div>","protected":false},"excerpt":{"rendered":"Isaac Code EduLab Kreativno u\u010denje kroz kod, logiku, umjetnost i sisteme Isaac Code EduLab je edukativna inicijativa za djecu i [...]","protected":false},"author":1,"featured_media":0,"parent":0,"menu_order":0,"comment_status":"closed","ping_status":"closed","template":"","meta":{"_crdt_document":"","advanced_seo_description":"","jetpack_seo_html_title":"","jetpack_seo_noindex":false,"footnotes":""},"class_list":["post-1663","page","type-page","status-publish","hentry"],"jetpack_sharing_enabled":true,"jetpack_likes_enabled":false,"_links":{"self":[{"href":"https:\/\/isaaccode.ba\/bs\/wp-json\/wp\/v2\/pages\/1663","targetHints":{"allow":["GET"]}}],"collection":[{"href":"https:\/\/isaaccode.ba\/bs\/wp-json\/wp\/v2\/pages"}],"about":[{"href":"https:\/\/isaaccode.ba\/bs\/wp-json\/wp\/v2\/types\/page"}],"author":[{"embeddable":true,"href":"https:\/\/isaaccode.ba\/bs\/wp-json\/wp\/v2\/users\/1"}],"replies":[{"embeddable":true,"href":"https:\/\/isaaccode.ba\/bs\/wp-json\/wp\/v2\/comments?post=1663"}],"version-history":[{"count":45,"href":"https:\/\/isaaccode.ba\/bs\/wp-json\/wp\/v2\/pages\/1663\/revisions"}],"predecessor-version":[{"id":1716,"href":"https:\/\/isaaccode.ba\/bs\/wp-json\/wp\/v2\/pages\/1663\/revisions\/1716"}],"wp:attachment":[{"href":"https:\/\/isaaccode.ba\/bs\/wp-json\/wp\/v2\/media?parent=1663"}],"curies":[{"name":"wp","href":"https:\/\/api.w.org\/{rel}","templated":true}]}}